{"id":988613,"date":"2021-01-21T11:07:27","date_gmt":"2021-01-21T11:07:27","guid":{"rendered":"http:\/\/crescerezusammen.it\/home\/"},"modified":"2022-09-05T13:46:56","modified_gmt":"2022-09-05T13:46:56","slug":"home","status":"publish","type":"page","link":"https:\/\/crescerezusammen.it\/de\/","title":{"rendered":"HOME"},"content":{"rendered":"<div class=\"vgblk-rw-wrapper limit-wrapper\">\n<h1>\n\tHundert Jahre<br \/> Zukunft.\n\t<\/h1>\n<h1>Seit <strong>1921<\/strong> leben wir unsere Mission, den Wirtschaftsaustausch zwischen <strong>Deutschland und Italien<\/strong> zu f\u00f6rdern, um die synergetische Entwicklung beider L\u00e4nder mit Herz voranzutreiben.<\/h1>\n<h1>1921<\/h1>\n<p>Am 15. Dezember wird die Deutsch-Italienische Handelskammer (AHK Italien), als eine der ersten bilateralen Auslandshandelskammern deutschen Ursprungs, im Deutschen Club in Mailand gegr\u00fcndet. Der Konsularbeamte Helmut Klein wird erster Generalsekret\u00e4r (1921-1924).<\/p>\n<h1>1925<\/h1>\n<p>Am 31. Oktober wird in Rom der &#8220;Handels- und Schifffahrtsvertrag&#8221; zwischen Italien und Deutschland unterzeichnet. Die AHK Italien \u00fcbernimmt eine grundlegende Rolle bei der Vorbereitung der Verhandlungen und sammelt Daten und Materialien f\u00fcr die bilateralen Treffen.<\/p>\n<h1>In hundert Jahren kommt man weit voran. Man trifft auf Unvorhersehbares, stellt sich gesellschaftlichen Ver\u00e4nderungen, Herausforderungen werden \u00fcberwunden und neue Strategien in die Tat umgesetzt.<\/h1>\n<h1>1927<\/h1>\n<p>Der Deutsche Industrie- und Handelstag (heute DIHK) richtet nach dem ersten Kongress der deutschen Auslandskammern 1924 einen Ausschuss f\u00fcr die AHKs ein und erhebt sie damit zu Referenzinstitutionen f\u00fcr alle Auslandshandelskammern.<\/p>\n<h1>1952<\/h1>\n<p>Auch dank der tiefgreifenden Umstrukturierung im Jahr 1946 unter der Leitung von Wilhelm Kutzleb erlebt die AHK Italien eine rasante Entwicklung, die zur Gr\u00fcndung von B\u00fcros in K\u00f6ln, Rom und Bari und zur Verlegung an den historischen Hauptsitz in der Via Napo Torriani 29 in Mailand f\u00fchrt (1964-2010).<\/p>\n<h1>1971<\/h1>\n<p>Die seit 1969 t\u00e4tige Herwarth-Kommission vollendet die Ausgestaltung des Au\u00dfenwirtschaftsf\u00f6rderungssystems der Bundesrepublik, indem sie es auf drei S\u00e4ulen gliedert: die diplomatischen Vertretungen, die AHK und den Vorl\u00e4ufer der heutigen GTAI.<\/p>\n<h1>2007<\/h1>\n<p>Am 21. Juni beschlie\u00dft die Mitgliederversammlung eine neue Satzung, die den Beitritt der AHK Italien zum System der deutschen Auslandshandelskammern unter der Federf\u00fchrung des DIHK regelt. Ein Schritt, der es der Organisation erm\u00f6glicht, ihren Handlungsspielraum zu erweitern und ihre Fortentwicklung zu gew\u00e4hrleisten.<\/p>\n<h1>In diesen hundert Jahren haben wir uns als der Bezugspunkt f\u00fcr die deutsch-italienische Wirtschaft etabliert. Unsere gro\u00dfe Geschichte ist dabei die Grundlage f\u00fcr zuk\u00fcnftigen Erfolg. Jeden Tag tragen wir mit Herz, Leidenschaft, Erfahrung und Professionalit\u00e4t zum Fortschritt zweier gro\u00dfer L\u00e4nder bei.<\/h1>\n<h1>2008<\/h1>\n<p>Die Firma DEinternational Italia, ein auf Internationalisierung ausgerichteter Beratungsdienst, wird ins Leben gerufen. Heute verlassen sich jedes Jahr mehr als 1000 Unternehmen aus beiden L\u00e4ndern auf DEinternational, um den deutsch-italienischen Markt zu erschlie\u00dfen und sich dort zu etablieren.<\/p>\n<h1>2010<\/h1>\n<p>Am 18. November wird die neue Zentrale in der Via Fara 26 in Mailand im Beisein von mehr als 150 G\u00e4sten und dem Botschafter der Bundesrepublik Michael Gerdts, der B\u00fcrgermeisterin von Mailand Letizia Moratti, dem Hauptgesch\u00e4ftsf\u00fchrer des DIHK Martin Wansleben, und dem Leiter der Abteilung Au\u00dfenwirtschaftspolitik des Bundeswirtschaftsministeriums Karl-Ernst Brauner, eingeweiht.<\/p>\n<h1>2015<\/h1>\n<p>Es folgt die Gr\u00fcndung von Dual.Concept, dem dualen Bildungsunternehmen in Italien, das Ausbildungsg\u00e4nge nach den Qualit\u00e4tsstandards des deutschen Modells zertifiziert und konzipiert. Mit &#8220;Future Fitness&#8221; beginnt auch der Umstrukturierungsprozess, der die AHK Italien bis zu ihrem hundertj\u00e4hrigen Jubil\u00e4um im Jahr 2021 begleiten soll.<\/p>\n<h1>2021<\/h1>\n<p>Die AHK Italien ist jetzt 100 Jahre alt und hat keine Angst vor dem Lauf der Zeit: An der Spitze der Digitalisierung, dynamisch und mit Blick auf die Zukunft feiert die Kammer dieses besondere Jubil\u00e4um und freut sich auf weitere 100 Jahre voller Erfolge.<\/p>\n<h1>Wir wollen gemeinsam wachsen.\nDenn gemeinsam w\u00e4chst man schneller.\nDenn H\u00f6chstleistungen erreicht man gemeinsam.<\/h1>\n\t<p>HIGHLIGHTS<\/p>\n<h1>\n\tDeutschland und Italien sprechen zwei unterschiedliche Sprachen, haben aber eine gemeinsame Vision.\n\t<\/h1>\n\t<p>Tra storiche rivalit\u00e0 e &#8230;abbiamo saputo creare una join production unica al mondo. Lorem ipsum dolor sit amet, consectetuer adipiscing elit, sed diam nonummy nibh euismod tincidunt ut laoreet.<\/p>\n\t<p>Deutschland ist mit Abstand der erste ausl\u00e4ndische Zielmarkt f\u00fcr die italienischen Automobilzulieferer. Tats\u00e4chlich sind 21% des Gesamtexports dieses Sektors f\u00fcr die deutsche Automobilindustrie bestimmt und die Lieferbeziehungen zwischen den beiden L\u00e4ndern sind so gefestigt, spezifisch und von hoher Wertsch\u00f6pfung, dass italienische Unternehmen f\u00fcr deutsche Partner weitgehend unersetzlich sind.<\/p>\n<p>Unter den nach Deutschland exportierten Komponenten sind z. B. Teile und Zubeh\u00f6r f\u00fcr die Montage (21,2% der Gesamtmenge, im Wert von fast einer Milliarde), Bremsen (13%) und Motoren (10,9%) die gefragtesten Produkte.<\/p>\n\t\t\t\t\t\t\t<img decoding=\"async\" loading=\"lazy\" src=\"https:\/\/crescerezusammen.it\/wp-content\/uploads\/2021\/03\/icon1.png\" alt=\"icon1\" itemprop=\"image\" height=\"121\" width=\"126\" title=\"icon1\" onerror=\"this.style.display='none'\"  sizes=\"(max-width: 768px) 100vw, 100vw\"\/>\t\t\t\t\t\t\t\n\t<h1>4,6 Mrd. \u20ac<\/h1>\n<p><strong>WERT DER NACH DEUTSCHLAND EXPORTIERTEN ITALIENISCHEN AUTOMOBILKOMPONENTEN<\/strong><\/p>\n<p>Quelle: ANFIA-Ausarbeitungen auf Istat-Daten, Jan-Dez 2019<\/p>\n\t\t\t\t\t\t\t<img decoding=\"async\" loading=\"lazy\" src=\"https:\/\/crescerezusammen.it\/wp-content\/uploads\/2021\/03\/icon2.png\" alt=\"icon2\" itemprop=\"image\" height=\"115\" width=\"117\" title=\"icon2\" onerror=\"this.style.display='none'\"  sizes=\"(max-width: 768px) 100vw, 100vw\"\/>\t\t\t\t\t\t\t\n\t<h1>21%<\/h1>\n<p><strong>ANTEIL DER GESAMTEXPORTE DER BRANCHE; DIE F\u00dcR DEN DEUTSCHEN MARKT BESTIMMT SIND<\/strong><\/p>\n<p>Quelle: ANFIA-Ausarbeitungen zu Istat-Daten, Jan-Dez 2019<\/p>\n\t<p>BUSINESS COMMUNITY<\/p>\n<h1>\n\tItalien und Deutschland wachsen zusammen, wie unsere Unternehmen erz\u00e4hlen: Ihre Erfolgsgeschichten dr\u00fccken die St\u00e4rke der deutsch-italienischen Partnerschaft aus.\n\t<\/h1>\n\t<div class='white' style='background:rgba(0,0,0,0); border:solid 0px rgba(0,0,0,0); border-radius:0px; padding:0px 0px 0px 0px;'>\n<div id='slider_988672' class='owl-carousel sa_owl_theme owl-pagination-true' data-slider-id='slider_988672' style='visibility:hidden;'>\n<div id='slider_988672_slide01' class='sa_hover_container' style='padding:5% 5%; margin:0px 0%; '><p style=\"text-align: center;\"><iframe width=\"100%\" height=\"400\" src=\"https:\/\/www.youtube.com\/embed\/me_ZhRJA2K4\" frameborder=\"0\" allow=\"accelerometer; autoplay; clipboard-write; encrypted-media; gyroscope; picture-in-picture\" allowfullscreen><\/iframe><\/p>\r\n<h1 style=\"text-align: center;\">Monica Poggio<\/h1>\r\n<p style=\"text-align: center;\">CEO<br \/><em>Bayer S.p.A.<\/em><\/p><\/div>\n<div id='slider_988672_slide02' class='sa_hover_container' style='padding:5% 5%; margin:0px 0%; '><p style=\"text-align: center;\"><iframe width=\"100%\" height=\"400\" src=\"https:\/\/www.youtube.com\/embed\/c9UoRZFhRY0\" frameborder=\"0\" allow=\"accelerometer; autoplay; clipboard-write; encrypted-media; gyroscope; picture-in-picture\" allowfullscreen><\/iframe><\/p>\r\n<h1 style=\"text-align: center;\">Dario Giovara<\/h1>\r\n<p style=\"text-align: center;\">General Manager<br \/><em>Ergo Assicurazione Viaggi<\/em><\/p><\/div>\n<div id='slider_988672_slide03' class='sa_hover_container' style='padding:5% 5%; margin:0px 0%; '><p style=\"text-align: center;\"><iframe width=\"100%\" height=\"400\" src=\"https:\/\/www.youtube.com\/embed\/k2nIlKFql20\" frameborder=\"0\" allow=\"accelerometer; autoplay; clipboard-write; encrypted-media; gyroscope; picture-in-picture\" allowfullscreen><\/iframe><\/p>\r\n<h1 style=\"text-align: center;\">Marco Lazzoni<\/h1>\r\n<p style=\"text-align: center;\">General Manager<br \/><em>MAN Italia<\/em><\/p><\/div>\n<div id='slider_988672_slide04' class='sa_hover_container' style='padding:5% 5%; margin:0px 0%; '><p style=\"text-align: center;\"><iframe width=\"100%\" height=\"400\" src=\"https:\/\/www.youtube.com\/embed\/VZ3Cda0ROQE\" frameborder=\"0\" allow=\"accelerometer; autoplay; clipboard-write; encrypted-media; gyroscope; picture-in-picture\" allowfullscreen><\/iframe><\/p>\r\n<h1 style=\"text-align: center;\">Alessandro Hillebrand<\/h1>\r\n<p style=\"text-align: center;\">CEO<br \/><em>REHAU Italy<\/em><\/p><\/div>\n<div id='slider_988672_slide05' class='sa_hover_container' style='padding:5% 5%; margin:0px 0%; '><p style=\"text-align: center;\"><iframe width=\"100%\" height=\"400\" src=\"https:\/\/www.youtube.com\/embed\/j1wmoYDDjKg\" frameborder=\"0\" allow=\"accelerometer; autoplay; clipboard-write; encrypted-media; gyroscope; picture-in-picture\" allowfullscreen><\/iframe><\/p>\r\n<h1 style=\"text-align: center;\">Peter Schardig<\/h1>\r\n<p style=\"text-align: center;\">President Automotive Europe & President Subregion Western Europe<br \/><em>Schaeffler<\/em><\/p><\/div>\n<div id='slider_988672_slide06' class='sa_hover_container' style='padding:5% 5%; margin:0px 0%; '><p style=\"text-align: center;\"><iframe width=\"100%\" height=\"400\" src=\"https:\/\/www.youtube.com\/embed\/Dpl8AcHSIuk\" frameborder=\"0\" allow=\"accelerometer; autoplay; clipboard-write; encrypted-media; gyroscope; picture-in-picture\" allowfullscreen><\/iframe><\/p>\r\n<h1 style=\"text-align: center;\">Massimo Nordio<\/h1>\r\n<p style=\"text-align: center;\">CEO<br \/><em>Volkswagen Group Italia<\/em><\/p><\/div>\n<div id='slider_988672_slide07' class='sa_hover_container' style='padding:5% 5%; margin:0px 0%; '><p style=\"text-align: center;\"><iframe width=\"100%\" height=\"400\" src=\"https:\/\/www.youtube.com\/embed\/LD4yRO4CbvI\" frameborder=\"0\" allow=\"accelerometer; autoplay; clipboard-write; encrypted-media; gyroscope; picture-in-picture\" allowfullscreen><\/iframe><\/p>\r\n<h1 style=\"text-align: center;\">Martina Beretuzzi<\/h1>\r\n<p style=\"text-align: center;\">Head of Sales & Marketing<br \/><em>Yellow Hub<\/em><\/p><\/div>\n<\/div>\n<\/div>\n<script type='text\/javascript'>\n\tjQuery(document).ready(function() {\n\t\tjQuery('#slider_988672').owlCarousel({\n\t\t\tresponsive:{\n\t\t\t\t0:{ items:1 },\n\t\t\t\t480:{ items:1 },\n\t\t\t\t768:{ items:2 },\n\t\t\t\t980:{ items:3 },\n\t\t\t\t1200:{ items:3 },\n\t\t\t\t1500:{ items:3 }\n\t\t\t},\n\t\t\tautoplay : false,\n\t\t\tautoplayHoverPause : false,\n\t\t\tsmartSpeed : 200,\n\t\t\tfluidSpeed : 200,\n\t\t\tautoplaySpeed : 200,\n\t\t\tnavSpeed : 200,\n\t\t\tdotsSpeed : 200,\n\t\t\tloop : true,\n\t\t\tnav : false,\n\t\t\tnavText : ['Previous','Next'],\n\t\t\tdots : true,\n\t\t\tresponsiveRefreshRate : 200,\n\t\t\tslideBy : 1,\n\t\t\tmergeFit : true,\n\t\t\tautoHeight : false,\n\t\t\tmouseDrag : false,\n\t\t\ttouchDrag : true\n\t\t});\n\t\tjQuery('#slider_988672').css('visibility', 'visible');\n\t\tsa_resize_slider_988672();\n\t\twindow.addEventListener('resize', sa_resize_slider_988672);\n\t\tfunction sa_resize_slider_988672() {\n\t\t\tvar min_height = '50';\n\t\t\tvar win_width = jQuery(window).width();\n\t\t\tvar slider_width = jQuery('#slider_988672').width();\n\t\t\tif (win_width < 480) {\n\t\t\t\tvar slide_width = slider_width \/ 1;\n\t\t\t} else if (win_width < 768) {\n\t\t\t\tvar slide_width = slider_width \/ 1;\n\t\t\t} else if (win_width < 980) {\n\t\t\t\tvar slide_width = slider_width \/ 2;\n\t\t\t} else if (win_width < 1200) {\n\t\t\t\tvar slide_width = slider_width \/ 3;\n\t\t\t} else if (win_width < 1500) {\n\t\t\t\tvar slide_width = slider_width \/ 3;\n\t\t\t} else {\n\t\t\t\tvar slide_width = slider_width \/ 3;\n\t\t\t}\n\t\t\tslide_width = Math.round(slide_width);\n\t\t\tvar slide_height = '0';\n\t\t\tif (min_height == 'aspect43') {\n\t\t\t\tslide_height = (slide_width \/ 4) * 3;\t\t\t\tslide_height = Math.round(slide_height);\n\t\t\t} else if (min_height == 'aspect169') {\n\t\t\t\tslide_height = (slide_width \/ 16) * 9;\t\t\t\tslide_height = Math.round(slide_height);\n\t\t\t} else {\n\t\t\t\tslide_height = (slide_width \/ 100) * min_height;\t\t\t\tslide_height = Math.round(slide_height);\n\t\t\t}\n\t\t\tjQuery('#slider_988672 .owl-item .sa_hover_container').css('min-height', slide_height+'px');\n\t\t}\n\t\tvar owl_goto = jQuery('#slider_988672');\n\t\tjQuery('.slider_988672_goto1').click(function(event){\n\t\t\towl_goto.trigger('to.owl.carousel', 0);\n\t\t});\n\t\tjQuery('.slider_988672_goto2').click(function(event){\n\t\t\towl_goto.trigger('to.owl.carousel', 1);\n\t\t});\n\t\tjQuery('.slider_988672_goto3').click(function(event){\n\t\t\towl_goto.trigger('to.owl.carousel', 2);\n\t\t});\n\t\tjQuery('.slider_988672_goto4').click(function(event){\n\t\t\towl_goto.trigger('to.owl.carousel', 3);\n\t\t});\n\t\tjQuery('.slider_988672_goto5').click(function(event){\n\t\t\towl_goto.trigger('to.owl.carousel', 4);\n\t\t});\n\t\tjQuery('.slider_988672_goto6').click(function(event){\n\t\t\towl_goto.trigger('to.owl.carousel', 5);\n\t\t});\n\t\tjQuery('.slider_988672_goto7').click(function(event){\n\t\t\towl_goto.trigger('to.owl.carousel', 6);\n\t\t});\n\t\tvar resize_988781 = jQuery('.owl-carousel');\n\t\tresize_988781.on('initialized.owl.carousel', function(e) {\n\t\t\tif (typeof(Event) === 'function') {\n\t\t\t\twindow.dispatchEvent(new Event('resize'));\n\t\t\t} else {\n\t\t\t\tvar evt = window.document.createEvent('UIEvents');\n\t\t\t\tevt.initUIEvent('resize', true, false, window, 0);\n\t\t\t\twindow.dispatchEvent(evt);\n\t\t\t}\n\t\t});\n\t});\n<\/script>\n\n<h1>\n\tBleiben Sie auf dem Laufenden \u00fcber unser Jubil\u00e4umsjahr!\n\t<\/h1>\n\t<p>Lorem ipsum dolor sit amet, consectetuer adipiscing elit, sed diam nonummy.<\/p>\n\t<div class=\"wpcf7 no-js\" id=\"wpcf7-f988614-o1\" lang=\"it-IT\" dir=\"ltr\">\n<div class=\"screen-reader-response\"><p role=\"status\" aria-live=\"polite\" aria-atomic=\"true\"><\/p> <ul><\/ul><\/div>\n<form action=\"\/de\/wp-json\/wp\/v2\/pages\/988613#wpcf7-f988614-o1\" method=\"post\" class=\"wpcf7-form init\" aria-label=\"Modulo di contatto\" novalidate=\"novalidate\" data-status=\"init\">\n<div style=\"display: none;\">\n<input type=\"hidden\" name=\"_wpcf7\" value=\"988614\" \/>\n<input type=\"hidden\" name=\"_wpcf7_version\" value=\"5.7.2\" \/>\n<input type=\"hidden\" name=\"_wpcf7_locale\" value=\"it_IT\" \/>\n<input type=\"hidden\" name=\"_wpcf7_unit_tag\" value=\"wpcf7-f988614-o1\" \/>\n<input type=\"hidden\" name=\"_wpcf7_container_post\" value=\"0\" \/>\n<input type=\"hidden\" name=\"_wpcf7_posted_data_hash\" value=\"\" \/>\n<\/div>\n<p><label class=\"label-form\"> NAME<br \/>\n<span class=\"wpcf7-form-control-wrap\" data-name=\"your-name\"><input size=\"40\" class=\"wpcf7-form-control wpcf7-text wpcf7-validates-as-required\" aria-required=\"true\" aria-invalid=\"false\" value=\"\" type=\"text\" name=\"your-name\" \/><\/span> <\/label>\n<\/p>\n<p><label class=\"label-form\"> EMAL<br \/>\n<span class=\"wpcf7-form-control-wrap\" data-name=\"your-email\"><input size=\"40\" class=\"wpcf7-form-control wpcf7-text wpcf7-email wpcf7-validates-as-required wpcf7-validates-as-email\" aria-required=\"true\" aria-invalid=\"false\" value=\"\" type=\"email\" name=\"your-email\" \/><\/span> <\/label>\n<\/p>\n<p><label class=\"label-form\"> UNTERNEHMEN<br \/>\n<span class=\"wpcf7-form-control-wrap\" data-name=\"your-subject\"><input size=\"40\" class=\"wpcf7-form-control wpcf7-text wpcf7-validates-as-required\" aria-required=\"true\" aria-invalid=\"false\" value=\"\" type=\"text\" name=\"your-subject\" \/><\/span> <\/label>\n<\/p>\n<div class=\"row\">\n\t<div class=\"col-6 testo privacy-text\">\n\t\t<p><span class=\"wpcf7-form-control-wrap wpgdprc\"><span class=\"wpcf7-form-control wpcf7-validates-as-required wpcf7-wpgdprc\"><span class=\"wpcf7-list-item\"><input type=\"checkbox\" name=\"wpgdprc\" value=\"1\" aria-required=\"true\" aria-invalid=\"false\" \/><span class=\"wpcf7-list-item-label\">Bei der Anmeldung akzeptieren Sie unsere Datenschutzerkl\u00e4rung<\/span><\/span><\/span>    <\/span>\n\t\t<\/p>\n\t<\/div>\n\t<div class=\"col-6 bottone-form\">\n\t\t<p><input class=\"wpcf7-form-control has-spinner wpcf7-submit\" type=\"submit\" value=\"JETZT ANMELDEN\" \/>\n\t\t<\/p>\n\t<\/div>\n<\/div><div class=\"wpcf7-response-output\" aria-hidden=\"true\"><\/div><\/form><\/div>\n\n<\/div><!-- .vgblk-rw-wrapper -->","protected":false},"excerpt":{"rendered":"<p>Hundert Jahre Zukunft. Seit 1921 leben wir unsere Mission, den Wirtschaftsaustausch zwischen Deutschland und Italien zu f\u00f6rdern, um die synergetische Entwicklung beider L\u00e4nder mit Herz voranzutreiben. 1921 Am 15. Dezember&#8230;<\/p>\n","protected":false},"author":1,"featured_media":0,"parent":0,"menu_order":0,"comment_status":"closed","ping_status":"closed","template":"","meta":{"_coblocks_attr":"","_coblocks_dimensions":"","_coblocks_responsive_height":"","_coblocks_accordion_ie_support":"","inline_featured_image":false},"_links":{"self":[{"href":"https:\/\/crescerezusammen.it\/de\/wp-json\/wp\/v2\/pages\/988613"}],"collection":[{"href":"https:\/\/crescerezusammen.it\/de\/wp-json\/wp\/v2\/pages"}],"about":[{"href":"https:\/\/crescerezusammen.it\/de\/wp-json\/wp\/v2\/types\/page"}],"author":[{"embeddable":true,"href":"https:\/\/crescerezusammen.it\/de\/wp-json\/wp\/v2\/users\/1"}],"replies":[{"embeddable":true,"href":"https:\/\/crescerezusammen.it\/de\/wp-json\/wp\/v2\/comments?post=988613"}],"version-history":[{"count":30,"href":"https:\/\/crescerezusammen.it\/de\/wp-json\/wp\/v2\/pages\/988613\/revisions"}],"predecessor-version":[{"id":989504,"href":"https:\/\/crescerezusammen.it\/de\/wp-json\/wp\/v2\/pages\/988613\/revisions\/989504"}],"wp:attachment":[{"href":"https:\/\/crescerezusammen.it\/de\/wp-json\/wp\/v2\/media?parent=988613"}],"curies":[{"name":"wp","href":"https:\/\/api.w.org\/{rel}","templated":true}]}}